{"id":272,"date":"2023-08-23T18:41:25","date_gmt":"2023-08-23T18:41:25","guid":{"rendered":"https:\/\/nw.staging.employnext.ca\/about-us\/"},"modified":"2025-02-13T15:08:51","modified_gmt":"2025-02-13T15:08:51","slug":"a-propos","status":"publish","type":"page","link":"https:\/\/nw.staging.employnext.ca\/fr\/a-propos\/","title":{"rendered":"\u00c0 propos de nous"},"content":{"rendered":"","protected":false},"excerpt":{"rendered":"<p>Qui nous sommes<br \/>\nEmployNext (propuls\u00e9 par Serco et en partenariat avec Deloitte Canada et Thrive Career Wellness) combine les plus r\u00e9cents outils de gestion de la recherche d\u2019emploi avec des ressources communautaires efficaces pour offrir des services d\u2019emploi aux demandeurs d\u2019emploi et aux entreprises de Nord-Ouest de l\u2019Ontario.<\/p>\n","protected":false},"author":1,"featured_media":247,"parent":0,"menu_order":0,"comment_status":"closed","ping_status":"closed","template":"","meta":{"inline_featured_image":false,"footnotes":""},"acf":[],"yoast_head":"<!-- This site is optimized with the Yoast SEO plugin v21.6 - https:\/\/yoast.com\/wordpress\/plugins\/seo\/ -->\n<title>\u00c0 propos de nous - Northwest Ontario<\/title>\n<meta name=\"robots\" content=\"noindex, follow, max-snippet:-1, max-image-preview:large, max-video-preview:-1\" \/>\n<meta property=\"og:locale\" content=\"fr_FR\" \/>\n<meta property=\"og:type\" content=\"article\" \/>\n<meta property=\"og:title\" content=\"\u00c0 propos de nous - Northwest Ontario\" \/>\n<meta property=\"og:description\" content=\"Qui nous sommes EmployNext (propuls\u00e9 par Serco et en partenariat avec Deloitte Canada et Thrive Career Wellness) combine les plus r\u00e9cents outils de gestion de la recherche d\u2019emploi avec des ressources communautaires efficaces pour offrir des services d\u2019emploi aux demandeurs d\u2019emploi et aux entreprises de Nord-Ouest de l\u2019Ontario.\" \/>\n<meta property=\"og:url\" content=\"https:\/\/nw.staging.employnext.ca\/fr\/a-propos\/\" \/>\n<meta property=\"og:site_name\" content=\"Northwest Ontario\" \/>\n<meta property=\"article:modified_time\" content=\"2025-02-13T15:08:51+00:00\" \/>\n<meta property=\"og:image\" content=\"https:\/\/nw.staging.employnext.ca\/wp-content\/uploads\/sites\/4\/2023\/08\/about-page-banner.png\" \/>\n\t<meta property=\"og:image:width\" content=\"1504\" \/>\n\t<meta property=\"og:image:height\" content=\"852\" \/>\n\t<meta property=\"og:image:type\" content=\"image\/png\" \/>\n<meta name=\"twitter:card\" content=\"summary_large_image\" \/>\n<script type=\"application\/ld+json\" class=\"yoast-schema-graph\">{\"@context\":\"https:\/\/schema.org\",\"@graph\":[{\"@type\":\"WebPage\",\"@id\":\"https:\/\/nw.staging.employnext.ca\/fr\/a-propos\/\",\"url\":\"https:\/\/nw.staging.employnext.ca\/fr\/a-propos\/\",\"name\":\"\u00c0 propos de nous - Northwest Ontario\",\"isPartOf\":{\"@id\":\"https:\/\/nw.staging.employnext.ca\/#website\"},\"datePublished\":\"2023-08-23T18:41:25+00:00\",\"dateModified\":\"2025-02-13T15:08:51+00:00\",\"breadcrumb\":{\"@id\":\"https:\/\/nw.staging.employnext.ca\/fr\/a-propos\/#breadcrumb\"},\"inLanguage\":\"fr-FR\",\"potentialAction\":[{\"@type\":\"ReadAction\",\"target\":[\"https:\/\/nw.staging.employnext.ca\/fr\/a-propos\/\"]}]},{\"@type\":\"BreadcrumbList\",\"@id\":\"https:\/\/nw.staging.employnext.ca\/fr\/a-propos\/#breadcrumb\",\"itemListElement\":[{\"@type\":\"ListItem\",\"position\":1,\"name\":\"Home\",\"item\":\"https:\/\/nw.staging.employnext.ca\/fr\/page-daccueil\/\"},{\"@type\":\"ListItem\",\"position\":2,\"name\":\"\u00c0 propos de nous\"}]},{\"@type\":\"WebSite\",\"@id\":\"https:\/\/nw.staging.employnext.ca\/#website\",\"url\":\"https:\/\/nw.staging.employnext.ca\/\",\"name\":\"Northwest Ontario\",\"description\":\"EmployNext - where work meets you\",\"potentialAction\":[{\"@type\":\"SearchAction\",\"target\":{\"@type\":\"EntryPoint\",\"urlTemplate\":\"https:\/\/nw.staging.employnext.ca\/?s={search_term_string}\"},\"query-input\":\"required name=search_term_string\"}],\"inLanguage\":\"fr-FR\"}]}<\/script>\n<!-- \/ Yoast SEO plugin. -->","yoast_head_json":{"title":"\u00c0 propos de nous - Northwest Ontario","robots":{"index":"noindex","follow":"follow","max-snippet":"max-snippet:-1","max-image-preview":"max-image-preview:large","max-video-preview":"max-video-preview:-1"},"og_locale":"fr_FR","og_type":"article","og_title":"\u00c0 propos de nous - Northwest Ontario","og_description":"Qui nous sommes EmployNext (propuls\u00e9 par Serco et en partenariat avec Deloitte Canada et Thrive Career Wellness) combine les plus r\u00e9cents outils de gestion de la recherche d\u2019emploi avec des ressources communautaires efficaces pour offrir des services d\u2019emploi aux demandeurs d\u2019emploi et aux entreprises de Nord-Ouest de l\u2019Ontario.","og_url":"https:\/\/nw.staging.employnext.ca\/fr\/a-propos\/","og_site_name":"Northwest Ontario","article_modified_time":"2025-02-13T15:08:51+00:00","og_image":[{"width":1504,"height":852,"url":"https:\/\/nw.staging.employnext.ca\/wp-content\/uploads\/sites\/4\/2023\/08\/about-page-banner.png","type":"image\/png"}],"twitter_card":"summary_large_image","schema":{"@context":"https:\/\/schema.org","@graph":[{"@type":"WebPage","@id":"https:\/\/nw.staging.employnext.ca\/fr\/a-propos\/","url":"https:\/\/nw.staging.employnext.ca\/fr\/a-propos\/","name":"\u00c0 propos de nous - Northwest Ontario","isPartOf":{"@id":"https:\/\/nw.staging.employnext.ca\/#website"},"datePublished":"2023-08-23T18:41:25+00:00","dateModified":"2025-02-13T15:08:51+00:00","breadcrumb":{"@id":"https:\/\/nw.staging.employnext.ca\/fr\/a-propos\/#breadcrumb"},"inLanguage":"fr-FR","potentialAction":[{"@type":"ReadAction","target":["https:\/\/nw.staging.employnext.ca\/fr\/a-propos\/"]}]},{"@type":"BreadcrumbList","@id":"https:\/\/nw.staging.employnext.ca\/fr\/a-propos\/#breadcrumb","itemListElement":[{"@type":"ListItem","position":1,"name":"Home","item":"https:\/\/nw.staging.employnext.ca\/fr\/page-daccueil\/"},{"@type":"ListItem","position":2,"name":"\u00c0 propos de nous"}]},{"@type":"WebSite","@id":"https:\/\/nw.staging.employnext.ca\/#website","url":"https:\/\/nw.staging.employnext.ca\/","name":"Northwest Ontario","description":"EmployNext - where work meets you","potentialAction":[{"@type":"SearchAction","target":{"@type":"EntryPoint","urlTemplate":"https:\/\/nw.staging.employnext.ca\/?s={search_term_string}"},"query-input":"required name=search_term_string"}],"inLanguage":"fr-FR"}]}},"_links":{"self":[{"href":"https:\/\/nw.staging.employnext.ca\/fr\/wp-json\/wp\/v2\/pages\/272"}],"collection":[{"href":"https:\/\/nw.staging.employnext.ca\/fr\/wp-json\/wp\/v2\/pages"}],"about":[{"href":"https:\/\/nw.staging.employnext.ca\/fr\/wp-json\/wp\/v2\/types\/page"}],"author":[{"embeddable":true,"href":"https:\/\/nw.staging.employnext.ca\/fr\/wp-json\/wp\/v2\/users\/1"}],"replies":[{"embeddable":true,"href":"https:\/\/nw.staging.employnext.ca\/fr\/wp-json\/wp\/v2\/comments?post=272"}],"version-history":[{"count":2,"href":"https:\/\/nw.staging.employnext.ca\/fr\/wp-json\/wp\/v2\/pages\/272\/revisions"}],"predecessor-version":[{"id":557,"href":"https:\/\/nw.staging.employnext.ca\/fr\/wp-json\/wp\/v2\/pages\/272\/revisions\/557"}],"wp:featuredmedia":[{"embeddable":true,"href":"https:\/\/nw.staging.employnext.ca\/fr\/wp-json\/wp\/v2\/media\/247"}],"wp:attachment":[{"href":"https:\/\/nw.staging.employnext.ca\/fr\/wp-json\/wp\/v2\/media?parent=272"}],"curies":[{"name":"wp","href":"https:\/\/api.w.org\/{rel}","templated":true}]}}