{"id":395,"date":"2023-08-23T15:07:12","date_gmt":"2023-08-23T15:07:12","guid":{"rendered":"https:\/\/nw.staging.employnext.ca\/fournisseurs-de-services\/"},"modified":"2023-09-25T19:10:56","modified_gmt":"2023-09-25T19:10:56","slug":"fournisseurs-de-services","status":"publish","type":"page","link":"https:\/\/nw.staging.employnext.ca\/fr\/fournisseurs-de-services\/","title":{"rendered":"Fournisseurs de services"},"content":{"rendered":"","protected":false},"excerpt":{"rendered":"<p>Nos fournisseurs de services<br \/>\nNos fournisseurs de services locaux sont pr\u00eats \u00e0 vous aider \u00e0 trouver un emploi durable et significatif. La combinaison des outils de recherche de candidats \u00e0 jour et du soutien personnalis\u00e9 et individuel d\u2019EmployNext est ce dont vous avez besoin pour passer \u00e0 l\u2019\u00e9tape suivante.<\/p>\n","protected":false},"author":1,"featured_media":244,"parent":0,"menu_order":0,"comment_status":"closed","ping_status":"closed","template":"page-providers.php","meta":{"inline_featured_image":false,"footnotes":""},"acf":[],"yoast_head":"<!-- This site is optimized with the Yoast SEO plugin v21.6 - https:\/\/yoast.com\/wordpress\/plugins\/seo\/ -->\n<title>Fournisseurs de services - Northwest Ontario<\/title>\n<meta name=\"robots\" content=\"noindex, follow, max-snippet:-1, max-image-preview:large, max-video-preview:-1\" \/>\n<meta property=\"og:locale\" content=\"fr_FR\" \/>\n<meta property=\"og:type\" content=\"article\" \/>\n<meta property=\"og:title\" content=\"Fournisseurs de services - Northwest Ontario\" \/>\n<meta property=\"og:description\" content=\"Nos fournisseurs de services Nos fournisseurs de services locaux sont pr\u00eats \u00e0 vous aider \u00e0 trouver un emploi durable et significatif. La combinaison des outils de recherche de candidats \u00e0 jour et du soutien personnalis\u00e9 et individuel d\u2019EmployNext est ce dont vous avez besoin pour passer \u00e0 l\u2019\u00e9tape suivante.\" \/>\n<meta property=\"og:url\" content=\"https:\/\/nw.staging.employnext.ca\/fr\/fournisseurs-de-services\/\" \/>\n<meta property=\"og:site_name\" content=\"Northwest Ontario\" \/>\n<meta property=\"article:modified_time\" content=\"2023-09-25T19:10:56+00:00\" \/>\n<meta property=\"og:image\" content=\"https:\/\/nw.staging.employnext.ca\/wp-content\/uploads\/sites\/4\/2023\/08\/service-providers-banner.png\" \/>\n\t<meta property=\"og:image:width\" content=\"1076\" \/>\n\t<meta property=\"og:image:height\" content=\"800\" \/>\n\t<meta property=\"og:image:type\" content=\"image\/png\" \/>\n<meta name=\"twitter:card\" content=\"summary_large_image\" \/>\n<script type=\"application\/ld+json\" class=\"yoast-schema-graph\">{\"@context\":\"https:\/\/schema.org\",\"@graph\":[{\"@type\":\"WebPage\",\"@id\":\"https:\/\/nw.staging.employnext.ca\/fr\/fournisseurs-de-services\/\",\"url\":\"https:\/\/nw.staging.employnext.ca\/fr\/fournisseurs-de-services\/\",\"name\":\"Fournisseurs de services - Northwest Ontario\",\"isPartOf\":{\"@id\":\"https:\/\/nw.staging.employnext.ca\/#website\"},\"datePublished\":\"2023-08-23T15:07:12+00:00\",\"dateModified\":\"2023-09-25T19:10:56+00:00\",\"breadcrumb\":{\"@id\":\"https:\/\/nw.staging.employnext.ca\/fr\/fournisseurs-de-services\/#breadcrumb\"},\"inLanguage\":\"fr-FR\",\"potentialAction\":[{\"@type\":\"ReadAction\",\"target\":[\"https:\/\/nw.staging.employnext.ca\/fr\/fournisseurs-de-services\/\"]}]},{\"@type\":\"BreadcrumbList\",\"@id\":\"https:\/\/nw.staging.employnext.ca\/fr\/fournisseurs-de-services\/#breadcrumb\",\"itemListElement\":[{\"@type\":\"ListItem\",\"position\":1,\"name\":\"Home\",\"item\":\"https:\/\/nw.staging.employnext.ca\/fr\/page-daccueil\/\"},{\"@type\":\"ListItem\",\"position\":2,\"name\":\"Fournisseurs de services\"}]},{\"@type\":\"WebSite\",\"@id\":\"https:\/\/nw.staging.employnext.ca\/#website\",\"url\":\"https:\/\/nw.staging.employnext.ca\/\",\"name\":\"Northwest Ontario\",\"description\":\"EmployNext - where work meets you\",\"potentialAction\":[{\"@type\":\"SearchAction\",\"target\":{\"@type\":\"EntryPoint\",\"urlTemplate\":\"https:\/\/nw.staging.employnext.ca\/?s={search_term_string}\"},\"query-input\":\"required name=search_term_string\"}],\"inLanguage\":\"fr-FR\"}]}<\/script>\n<!-- \/ Yoast SEO plugin. -->","yoast_head_json":{"title":"Fournisseurs de services - Northwest Ontario","robots":{"index":"noindex","follow":"follow","max-snippet":"max-snippet:-1","max-image-preview":"max-image-preview:large","max-video-preview":"max-video-preview:-1"},"og_locale":"fr_FR","og_type":"article","og_title":"Fournisseurs de services - Northwest Ontario","og_description":"Nos fournisseurs de services Nos fournisseurs de services locaux sont pr\u00eats \u00e0 vous aider \u00e0 trouver un emploi durable et significatif. La combinaison des outils de recherche de candidats \u00e0 jour et du soutien personnalis\u00e9 et individuel d\u2019EmployNext est ce dont vous avez besoin pour passer \u00e0 l\u2019\u00e9tape suivante.","og_url":"https:\/\/nw.staging.employnext.ca\/fr\/fournisseurs-de-services\/","og_site_name":"Northwest Ontario","article_modified_time":"2023-09-25T19:10:56+00:00","og_image":[{"width":1076,"height":800,"url":"https:\/\/nw.staging.employnext.ca\/wp-content\/uploads\/sites\/4\/2023\/08\/service-providers-banner.png","type":"image\/png"}],"twitter_card":"summary_large_image","schema":{"@context":"https:\/\/schema.org","@graph":[{"@type":"WebPage","@id":"https:\/\/nw.staging.employnext.ca\/fr\/fournisseurs-de-services\/","url":"https:\/\/nw.staging.employnext.ca\/fr\/fournisseurs-de-services\/","name":"Fournisseurs de services - Northwest Ontario","isPartOf":{"@id":"https:\/\/nw.staging.employnext.ca\/#website"},"datePublished":"2023-08-23T15:07:12+00:00","dateModified":"2023-09-25T19:10:56+00:00","breadcrumb":{"@id":"https:\/\/nw.staging.employnext.ca\/fr\/fournisseurs-de-services\/#breadcrumb"},"inLanguage":"fr-FR","potentialAction":[{"@type":"ReadAction","target":["https:\/\/nw.staging.employnext.ca\/fr\/fournisseurs-de-services\/"]}]},{"@type":"BreadcrumbList","@id":"https:\/\/nw.staging.employnext.ca\/fr\/fournisseurs-de-services\/#breadcrumb","itemListElement":[{"@type":"ListItem","position":1,"name":"Home","item":"https:\/\/nw.staging.employnext.ca\/fr\/page-daccueil\/"},{"@type":"ListItem","position":2,"name":"Fournisseurs de services"}]},{"@type":"WebSite","@id":"https:\/\/nw.staging.employnext.ca\/#website","url":"https:\/\/nw.staging.employnext.ca\/","name":"Northwest Ontario","description":"EmployNext - where work meets you","potentialAction":[{"@type":"SearchAction","target":{"@type":"EntryPoint","urlTemplate":"https:\/\/nw.staging.employnext.ca\/?s={search_term_string}"},"query-input":"required name=search_term_string"}],"inLanguage":"fr-FR"}]}},"_links":{"self":[{"href":"https:\/\/nw.staging.employnext.ca\/fr\/wp-json\/wp\/v2\/pages\/395"}],"collection":[{"href":"https:\/\/nw.staging.employnext.ca\/fr\/wp-json\/wp\/v2\/pages"}],"about":[{"href":"https:\/\/nw.staging.employnext.ca\/fr\/wp-json\/wp\/v2\/types\/page"}],"author":[{"embeddable":true,"href":"https:\/\/nw.staging.employnext.ca\/fr\/wp-json\/wp\/v2\/users\/1"}],"replies":[{"embeddable":true,"href":"https:\/\/nw.staging.employnext.ca\/fr\/wp-json\/wp\/v2\/comments?post=395"}],"version-history":[{"count":1,"href":"https:\/\/nw.staging.employnext.ca\/fr\/wp-json\/wp\/v2\/pages\/395\/revisions"}],"predecessor-version":[{"id":420,"href":"https:\/\/nw.staging.employnext.ca\/fr\/wp-json\/wp\/v2\/pages\/395\/revisions\/420"}],"wp:featuredmedia":[{"embeddable":true,"href":"https:\/\/nw.staging.employnext.ca\/fr\/wp-json\/wp\/v2\/media\/244"}],"wp:attachment":[{"href":"https:\/\/nw.staging.employnext.ca\/fr\/wp-json\/wp\/v2\/media?parent=395"}],"curies":[{"name":"wp","href":"https:\/\/api.w.org\/{rel}","templated":true}]}}