{"id":401,"date":"2023-08-25T17:20:08","date_gmt":"2023-08-25T17:20:08","guid":{"rendered":"https:\/\/nw.staging.employnext.ca\/employer-contact-form\/"},"modified":"2025-02-13T15:10:31","modified_gmt":"2025-02-13T15:10:31","slug":"formulaire-de-contact-de-lemployeur","status":"publish","type":"page","link":"https:\/\/nw.staging.employnext.ca\/fr\/formulaire-de-contact-de-lemployeur\/","title":{"rendered":"Formulaire de contact de l\u2019employeur"},"content":{"rendered":"<p>Les employeurs situ\u00e9s ou desservant la r\u00e9gion de Nord-Ouest de l\u2019Ontario sont une partie int\u00e9grale de l&#8217;objectif partag\u00e9 d&#8217;aider les chercheurs d&#8217;emploi \u00e0 retrouver un emploi.<\/p>\n<p>Si vous repr\u00e9sentez une organisation dans la grande r\u00e9gion de Nord-Ouest de l\u2019Ontario, veuillez prendre contact avec nous via le formulaire et informez-nous comment EmployNext peut soutenir vos besoins d&#8217;embauche.<\/p>\n<style id=\"wpforms-css-vars-140\">\n\t\t\t\t#wpforms-140 {\n\t\t\t\t\n\t\t\t}\n\t\t\t<\/style><div class=\"wpforms-container wpforms-container-full wpforms-render-modern\" id=\"wpforms-140\"><form id=\"wpforms-form-140\" class=\"wpforms-validate wpforms-form wpforms-ajax-form\" data-formid=\"140\" method=\"post\" enctype=\"multipart\/form-data\" action=\"\/fr\/wp-json\/wp\/v2\/pages\/401\" data-token=\"2d0c7fe1dc8e8afd8deff54d0e4b689b\" data-token-time=\"1776364543\"><noscript class=\"wpforms-error-noscript\">Veuillez activer JavaScript dans votre navigateur pour remplir ce formulaire.<\/noscript><div id=\"wpforms-error-noscript\" style=\"display: none;\">Veuillez activer JavaScript dans votre navigateur pour remplir ce formulaire.<\/div><div class=\"wpforms-field-container\"><div id=\"wpforms-140-field_18-container\" class=\"wpforms-field wpforms-field-divider\" data-field-id=\"18\"><h3 id=\"wpforms-140-field_18\" aria-errormessage=\"wpforms-140-field_18-error\">Renseignements sur l\u2019entreprise<\/h3><\/div><div id=\"wpforms-140-field_3-container\" class=\"wpforms-field wpforms-field-text\" data-field-id=\"3\"><label class=\"wpforms-field-label\" for=\"wpforms-140-field_3\">Nom de l&#039;entreprise <span class=\"wpforms-required-label\" aria-hidden=\"true\">*<\/span><\/label><input type=\"text\" id=\"wpforms-140-field_3\" class=\"wpforms-field-medium wpforms-field-required\" name=\"wpforms[fields][3]\" aria-errormessage=\"wpforms-140-field_3-error\" required><\/div><div id=\"wpforms-140-field_5-container\" class=\"wpforms-field wpforms-field-select wpforms-one-half wpforms-first wpforms-field-select-style-classic\" data-field-id=\"5\"><label class=\"wpforms-field-label\" for=\"wpforms-140-field_5\">Taille de l&#039;entreprise <span class=\"wpforms-required-label\" aria-hidden=\"true\">*<\/span><\/label><select id=\"wpforms-140-field_5\" class=\"wpforms-field-medium wpforms-field-required\" name=\"wpforms[fields][5]\" required=\"required\"><option value=\"\" class=\"placeholder\" disabled  selected='selected'>Veuillez s\u00e9lectionner<\/option><option value=\"0-25\"  class=\"choice-1 depth-1\"  >0-25<\/option><option value=\"25-50\"  class=\"choice-2 depth-1\"  >25-50<\/option><option value=\"50-100\"  class=\"choice-3 depth-1\"  >50-100<\/option><option value=\"100 - 250\"  class=\"choice-5 depth-1\"  >100 - 250<\/option><option value=\"250 - 500\"  class=\"choice-4 depth-1\"  >250 - 500<\/option><option value=\"500 - 1000\"  class=\"choice-7 depth-1\"  >500 - 1000<\/option><option value=\"1000 +\"  class=\"choice-6 depth-1\"  >1000 +<\/option><\/select><\/div><div id=\"wpforms-140-field_6-container\" class=\"wpforms-field wpforms-field-select wpforms-one-half wpforms-conditional-trigger wpforms-field-select-style-classic\" data-field-id=\"6\"><label class=\"wpforms-field-label\" for=\"wpforms-140-field_6\">Industrie de l\u2019entreprise <span class=\"wpforms-required-label\" aria-hidden=\"true\">*<\/span><\/label><select id=\"wpforms-140-field_6\" class=\"wpforms-field-medium wpforms-field-required\" name=\"wpforms[fields][6]\" required=\"required\"><option value=\"\" class=\"placeholder\" disabled  selected='selected'>Veuillez s\u00e9lectionner<\/option><option value=\"Agriculture\"  class=\"choice-3 depth-1\"  >Agriculture<\/option><option value=\"Construction\"  class=\"choice-5 depth-1\"  >Construction<\/option><option value=\"\u00c9nergie\"  class=\"choice-4 depth-1\"  >\u00c9nergie<\/option><option value=\"Finances et assurances\"  class=\"choice-7 depth-1\"  >Finances et assurances<\/option><option value=\"Soins de sant\u00e9 et services sociaux\"  class=\"choice-6 depth-1\"  >Soins de sant\u00e9 et services sociaux<\/option><option value=\"Technologie de l&#039;information et des communications\"  class=\"choice-16 depth-1\"  >Technologie de l'information et des communications<\/option><option value=\"Fabrication\"  class=\"choice-15 depth-1\"  >Fabrication<\/option><option value=\"Ressources naturelles et industrie mini\u00e8re\"  class=\"choice-14 depth-1\"  >Ressources naturelles et industrie mini\u00e8re<\/option><option value=\"Services professionnels\"  class=\"choice-13 depth-1\"  >Services professionnels<\/option><option value=\"Commerce de d\u00e9tail et vente en gros\"  class=\"choice-12 depth-1\"  >Commerce de d\u00e9tail et vente en gros<\/option><option value=\"Science et technologie\"  class=\"choice-11 depth-1\"  >Science et technologie<\/option><option value=\"Transport et cha\u00eene d\u2019approvisionnement\"  class=\"choice-10 depth-1\"  >Transport et cha\u00eene d\u2019approvisionnement<\/option><option value=\"Tourisme et hospitalit\u00e9\"  class=\"choice-9 depth-1\"  >Tourisme et hospitalit\u00e9<\/option><option value=\"Autre (saisie libre)\"  class=\"choice-8 depth-1\"  >Autre (saisie libre)<\/option><\/select><\/div><div id=\"wpforms-140-field_22-container\" class=\"wpforms-field wpforms-field-text wpforms-conditional-field wpforms-conditional-show\" data-field-id=\"22\" style=\"display:none;\"><label class=\"wpforms-field-label\" for=\"wpforms-140-field_22\">Veuillez pr\u00e9ciser votre industrie de l\u2019entreprise<\/label><input type=\"text\" id=\"wpforms-140-field_22\" class=\"wpforms-field-medium\" name=\"wpforms[fields][22]\" aria-errormessage=\"wpforms-140-field_22-error\" ><\/div><div id=\"wpforms-140-field_7-container\" class=\"wpforms-field wpforms-field-text\" data-field-id=\"7\"><label class=\"wpforms-field-label\" for=\"wpforms-140-field_7\">Adresse de l&#039;entreprise <span class=\"wpforms-required-label\" aria-hidden=\"true\">*<\/span><\/label><input type=\"text\" id=\"wpforms-140-field_7\" class=\"wpforms-field-medium wpforms-field-required\" name=\"wpforms[fields][7]\" aria-errormessage=\"wpforms-140-field_7-error\" required><\/div><div id=\"wpforms-140-field_8-container\" class=\"wpforms-field wpforms-field-text wpforms-one-half wpforms-first\" data-field-id=\"8\"><label class=\"wpforms-field-label\" for=\"wpforms-140-field_8\">Ville <span class=\"wpforms-required-label\" aria-hidden=\"true\">*<\/span><\/label><input type=\"text\" id=\"wpforms-140-field_8\" class=\"wpforms-field-medium wpforms-field-required\" name=\"wpforms[fields][8]\" aria-errormessage=\"wpforms-140-field_8-error\" required><\/div><div id=\"wpforms-140-field_10-container\" class=\"wpforms-field wpforms-field-select wpforms-one-half wpforms-field-select-style-classic\" data-field-id=\"10\"><label class=\"wpforms-field-label\" for=\"wpforms-140-field_10\">Province ou territoire <span class=\"wpforms-required-label\" aria-hidden=\"true\">*<\/span><\/label><select id=\"wpforms-140-field_10\" class=\"wpforms-field-medium wpforms-field-required\" name=\"wpforms[fields][10]\" required=\"required\"><option value=\"\" class=\"placeholder\" disabled  selected='selected'>Veuillez s\u00e9lectionner<\/option><option value=\"Alberta\"  class=\"choice-1 depth-1\"  >Alberta<\/option><option value=\"British Columbia\"  class=\"choice-8 depth-1\"  >British Columbia<\/option><option value=\"Manitoba\"  class=\"choice-7 depth-1\"  >Manitoba<\/option><option value=\"New Brunswick\"  class=\"choice-6 depth-1\"  >New Brunswick<\/option><option value=\"Newfoundland and Labrador\"  class=\"choice-5 depth-1\"  >Newfoundland and Labrador<\/option><option value=\"Northwest Territories\"  class=\"choice-15 depth-1\"  >Northwest Territories<\/option><option value=\"Nova Scotia\"  class=\"choice-4 depth-1\"  >Nova Scotia<\/option><option value=\"Nunavut\"  class=\"choice-16 depth-1\"  >Nunavut<\/option><option value=\"Ontario\"  class=\"choice-2 depth-1\"  >Ontario<\/option><option value=\"Prince Edward Island\"  class=\"choice-3 depth-1\"  >Prince Edward Island<\/option><option value=\"Quebec\"  class=\"choice-13 depth-1\"  >Quebec<\/option><option value=\"Saskatchewan\"  class=\"choice-12 depth-1\"  >Saskatchewan<\/option><option value=\"Yukon\"  class=\"choice-17 depth-1\"  >Yukon<\/option><\/select><\/div><div id=\"wpforms-140-field_11-container\" class=\"wpforms-field wpforms-field-text wpforms-one-half wpforms-first\" data-field-id=\"11\"><label class=\"wpforms-field-label\" for=\"wpforms-140-field_11\">Code postal <span class=\"wpforms-required-label\" aria-hidden=\"true\">*<\/span><\/label><input type=\"text\" id=\"wpforms-140-field_11\" class=\"wpforms-field-medium wpforms-field-required\" name=\"wpforms[fields][11]\" aria-errormessage=\"wpforms-140-field_11-error\" required><\/div><div id=\"wpforms-140-field_12-container\" class=\"wpforms-field wpforms-field-text wpforms-one-half\" data-field-id=\"12\"><label class=\"wpforms-field-label\" for=\"wpforms-140-field_12\">Num\u00e9ro de t\u00e9l\u00e9phone <span class=\"wpforms-required-label\" aria-hidden=\"true\">*<\/span><\/label><input type=\"text\" id=\"wpforms-140-field_12\" class=\"wpforms-field-medium wpforms-field-required\" name=\"wpforms[fields][12]\" aria-errormessage=\"wpforms-140-field_12-error\" required><\/div><div id=\"wpforms-140-field_21-container\" class=\"wpforms-field wpforms-field-url\" data-field-id=\"21\"><label class=\"wpforms-field-label\" for=\"wpforms-140-field_21\">Site Web<\/label><input type=\"url\" id=\"wpforms-140-field_21\" class=\"wpforms-field-medium\" name=\"wpforms[fields][21]\" aria-errormessage=\"wpforms-140-field_21-error\" ><\/div><div id=\"wpforms-140-field_19-container\" class=\"wpforms-field wpforms-field-divider\" data-field-id=\"19\"><h3 id=\"wpforms-140-field_19\" aria-errormessage=\"wpforms-140-field_19-error\">Coordonn\u00e9es de la personne-ressource<\/h3><\/div><div id=\"wpforms-140-field_13-container\" class=\"wpforms-field wpforms-field-text wpforms-one-half wpforms-first\" data-field-id=\"13\"><label class=\"wpforms-field-label\" for=\"wpforms-140-field_13\">Nom de la personne-ressource <span class=\"wpforms-required-label\" aria-hidden=\"true\">*<\/span><\/label><input type=\"text\" id=\"wpforms-140-field_13\" class=\"wpforms-field-medium wpforms-field-required\" name=\"wpforms[fields][13]\" aria-errormessage=\"wpforms-140-field_13-error\" required><\/div><div id=\"wpforms-140-field_14-container\" class=\"wpforms-field wpforms-field-text wpforms-one-half\" data-field-id=\"14\"><label class=\"wpforms-field-label\" for=\"wpforms-140-field_14\">Titre du poste <span class=\"wpforms-required-label\" aria-hidden=\"true\">*<\/span><\/label><input type=\"text\" id=\"wpforms-140-field_14\" class=\"wpforms-field-medium wpforms-field-required\" name=\"wpforms[fields][14]\" aria-errormessage=\"wpforms-140-field_14-error\" required><\/div><div id=\"wpforms-140-field_15-container\" class=\"wpforms-field wpforms-field-text wpforms-one-half wpforms-first\" data-field-id=\"15\"><label class=\"wpforms-field-label\" for=\"wpforms-140-field_15\">Adresse courriel <span class=\"wpforms-required-label\" aria-hidden=\"true\">*<\/span><\/label><input type=\"text\" id=\"wpforms-140-field_15\" class=\"wpforms-field-medium wpforms-field-required\" name=\"wpforms[fields][15]\" aria-errormessage=\"wpforms-140-field_15-error\" required><\/div><div id=\"wpforms-140-field_16-container\" class=\"wpforms-field wpforms-field-text wpforms-one-half\" data-field-id=\"16\"><label class=\"wpforms-field-label\" for=\"wpforms-140-field_16\">Num\u00e9ro de t\u00e9l\u00e9phone<\/label><input type=\"text\" id=\"wpforms-140-field_16\" class=\"wpforms-field-medium\" name=\"wpforms[fields][16]\" aria-errormessage=\"wpforms-140-field_16-error\" ><\/div><div id=\"wpforms-140-field_20-container\" class=\"wpforms-field wpforms-field-divider\" data-field-id=\"20\"><h3 id=\"wpforms-140-field_20\" aria-errormessage=\"wpforms-140-field_20-error\">Comment pouvons-nous vous aider?<\/h3><\/div><div id=\"wpforms-140-field_17-container\" class=\"wpforms-field wpforms-field-select wpforms-field-select-style-classic\" data-field-id=\"17\"><label class=\"wpforms-field-label\" for=\"wpforms-140-field_17\">Que pouvons-nous faire pour vous ? <span class=\"wpforms-required-label\" aria-hidden=\"true\">*<\/span><\/label><select id=\"wpforms-140-field_17\" class=\"wpforms-field-medium wpforms-field-required\" name=\"wpforms[fields][17]\" required=\"required\"><option value=\"\" class=\"placeholder\" disabled  selected='selected'>Veuillez s\u00e9lectionner<\/option><option value=\"J\u2019aimerais recruter un candidat\"  class=\"choice-1 depth-1\"  >J\u2019aimerais recruter un candidat<\/option><option value=\"J\u2019aimerais publier une offre d\u2019emploi\"  class=\"choice-2 depth-1\"  >J\u2019aimerais publier une offre d\u2019emploi<\/option><option value=\"Je veux en apprendre davantage sur les aides financi\u00e8res\"  class=\"choice-3 depth-1\"  >Je veux en apprendre davantage sur les aides financi\u00e8res<\/option><option value=\"J\u2019aimerais communiquer avec un fournisseur de services d\u2019emploi\"  class=\"choice-6 depth-1\"  >J\u2019aimerais communiquer avec un fournisseur de services d\u2019emploi<\/option><option value=\"I have community resources to share with EmployNext\"  class=\"choice-7 depth-1\"  >I have community resources to share with EmployNext<\/option><option value=\"Toutes ces r\u00e9ponses\"  class=\"choice-4 depth-1\"  >Toutes ces r\u00e9ponses<\/option><\/select><\/div><\/div><!-- .wpforms-field-container --><div class=\"wpforms-recaptcha-container wpforms-is-recaptcha wpforms-is-recaptcha-type-invisible\" ><div class=\"g-recaptcha\" data-sitekey=\"6Ld4hT4oAAAAAC4C3g42m8-4kfvkFxaQCuHi4VOj\" data-size=\"invisible\"><\/div><\/div><div class=\"wpforms-submit-container\" ><input type=\"hidden\" name=\"wpforms[id]\" value=\"140\"><input type=\"hidden\" name=\"page_title\" value=\"\"><input type=\"hidden\" name=\"page_url\" value=\"https:\/\/nw.staging.employnext.ca\/fr\/wp-json\/wp\/v2\/pages\/401\"><input type=\"hidden\" name=\"url_referer\" value=\"\"><button type=\"submit\" name=\"wpforms[submit]\" id=\"wpforms-submit-140\" class=\"wpforms-submit\" data-alt-text=\"Envoi\" data-submit-text=\"Soumettre\" aria-live=\"assertive\" value=\"wpforms-submit\">Soumettre<\/button><img src=\"https:\/\/nw.staging.employnext.ca\/wp-content\/plugins\/wpforms\/assets\/images\/submit-spin.svg\" class=\"wpforms-submit-spinner\" style=\"display: none;\" width=\"26\" height=\"26\" alt=\"Chargement en cours\"><\/div><\/form><\/div>  <!-- .wpforms-container -->\n","protected":false},"excerpt":{"rendered":"<p>Les employeurs situ\u00e9s ou desservant la r\u00e9gion de Nord-Ouest de l\u2019Ontario sont une partie int\u00e9grale de l&#8217;objectif partag\u00e9 d&#8217;aider les chercheurs d&#8217;emploi \u00e0 retrouver un emploi.<\/p>\n","protected":false},"author":1,"featured_media":0,"parent":0,"menu_order":0,"comment_status":"closed","ping_status":"closed","template":"page-forms.php","meta":{"inline_featured_image":false,"footnotes":""},"acf":[],"yoast_head":"<!-- This site is optimized with the Yoast SEO plugin v21.6 - https:\/\/yoast.com\/wordpress\/plugins\/seo\/ -->\n<title>Formulaire de contact de l\u2019employeur - Northwest Ontario<\/title>\n<meta name=\"robots\" content=\"noindex, follow, max-snippet:-1, max-image-preview:large, max-video-preview:-1\" \/>\n<meta property=\"og:locale\" content=\"fr_FR\" \/>\n<meta property=\"og:type\" content=\"article\" \/>\n<meta property=\"og:title\" content=\"Formulaire de contact de l\u2019employeur - Northwest Ontario\" \/>\n<meta property=\"og:description\" content=\"Les employeurs situ\u00e9s ou desservant la r\u00e9gion de Nord-Ouest de l\u2019Ontario sont une partie int\u00e9grale de l&#8217;objectif partag\u00e9 d&#8217;aider les chercheurs d&#8217;emploi \u00e0 retrouver un emploi.\" \/>\n<meta property=\"og:url\" content=\"https:\/\/nw.staging.employnext.ca\/fr\/formulaire-de-contact-de-lemployeur\/\" \/>\n<meta property=\"og:site_name\" content=\"Northwest Ontario\" \/>\n<meta property=\"article:modified_time\" content=\"2025-02-13T15:10:31+00:00\" \/>\n<meta name=\"twitter:card\" content=\"summary_large_image\" \/>\n<meta name=\"twitter:label1\" content=\"Dur\u00e9e de lecture estim\u00e9e\" \/>\n\t<meta name=\"twitter:data1\" content=\"1 minute\" \/>\n<script type=\"application\/ld+json\" class=\"yoast-schema-graph\">{\"@context\":\"https:\/\/schema.org\",\"@graph\":[{\"@type\":\"WebPage\",\"@id\":\"https:\/\/nw.staging.employnext.ca\/fr\/formulaire-de-contact-de-lemployeur\/\",\"url\":\"https:\/\/nw.staging.employnext.ca\/fr\/formulaire-de-contact-de-lemployeur\/\",\"name\":\"Formulaire de contact de l\u2019employeur - Northwest Ontario\",\"isPartOf\":{\"@id\":\"https:\/\/nw.staging.employnext.ca\/#website\"},\"datePublished\":\"2023-08-25T17:20:08+00:00\",\"dateModified\":\"2025-02-13T15:10:31+00:00\",\"breadcrumb\":{\"@id\":\"https:\/\/nw.staging.employnext.ca\/fr\/formulaire-de-contact-de-lemployeur\/#breadcrumb\"},\"inLanguage\":\"fr-FR\",\"potentialAction\":[{\"@type\":\"ReadAction\",\"target\":[\"https:\/\/nw.staging.employnext.ca\/fr\/formulaire-de-contact-de-lemployeur\/\"]}]},{\"@type\":\"BreadcrumbList\",\"@id\":\"https:\/\/nw.staging.employnext.ca\/fr\/formulaire-de-contact-de-lemployeur\/#breadcrumb\",\"itemListElement\":[{\"@type\":\"ListItem\",\"position\":1,\"name\":\"Home\",\"item\":\"https:\/\/nw.staging.employnext.ca\/fr\/page-daccueil\/\"},{\"@type\":\"ListItem\",\"position\":2,\"name\":\"Formulaire de contact de l\u2019employeur\"}]},{\"@type\":\"WebSite\",\"@id\":\"https:\/\/nw.staging.employnext.ca\/#website\",\"url\":\"https:\/\/nw.staging.employnext.ca\/\",\"name\":\"Northwest Ontario\",\"description\":\"EmployNext - where work meets you\",\"potentialAction\":[{\"@type\":\"SearchAction\",\"target\":{\"@type\":\"EntryPoint\",\"urlTemplate\":\"https:\/\/nw.staging.employnext.ca\/?s={search_term_string}\"},\"query-input\":\"required name=search_term_string\"}],\"inLanguage\":\"fr-FR\"}]}<\/script>\n<!-- \/ Yoast SEO plugin. -->","yoast_head_json":{"title":"Formulaire de contact de l\u2019employeur - Northwest Ontario","robots":{"index":"noindex","follow":"follow","max-snippet":"max-snippet:-1","max-image-preview":"max-image-preview:large","max-video-preview":"max-video-preview:-1"},"og_locale":"fr_FR","og_type":"article","og_title":"Formulaire de contact de l\u2019employeur - Northwest Ontario","og_description":"Les employeurs situ\u00e9s ou desservant la r\u00e9gion de Nord-Ouest de l\u2019Ontario sont une partie int\u00e9grale de l&#8217;objectif partag\u00e9 d&#8217;aider les chercheurs d&#8217;emploi \u00e0 retrouver un emploi.","og_url":"https:\/\/nw.staging.employnext.ca\/fr\/formulaire-de-contact-de-lemployeur\/","og_site_name":"Northwest Ontario","article_modified_time":"2025-02-13T15:10:31+00:00","twitter_card":"summary_large_image","twitter_misc":{"Dur\u00e9e de lecture estim\u00e9e":"1 minute"},"schema":{"@context":"https:\/\/schema.org","@graph":[{"@type":"WebPage","@id":"https:\/\/nw.staging.employnext.ca\/fr\/formulaire-de-contact-de-lemployeur\/","url":"https:\/\/nw.staging.employnext.ca\/fr\/formulaire-de-contact-de-lemployeur\/","name":"Formulaire de contact de l\u2019employeur - Northwest Ontario","isPartOf":{"@id":"https:\/\/nw.staging.employnext.ca\/#website"},"datePublished":"2023-08-25T17:20:08+00:00","dateModified":"2025-02-13T15:10:31+00:00","breadcrumb":{"@id":"https:\/\/nw.staging.employnext.ca\/fr\/formulaire-de-contact-de-lemployeur\/#breadcrumb"},"inLanguage":"fr-FR","potentialAction":[{"@type":"ReadAction","target":["https:\/\/nw.staging.employnext.ca\/fr\/formulaire-de-contact-de-lemployeur\/"]}]},{"@type":"BreadcrumbList","@id":"https:\/\/nw.staging.employnext.ca\/fr\/formulaire-de-contact-de-lemployeur\/#breadcrumb","itemListElement":[{"@type":"ListItem","position":1,"name":"Home","item":"https:\/\/nw.staging.employnext.ca\/fr\/page-daccueil\/"},{"@type":"ListItem","position":2,"name":"Formulaire de contact de l\u2019employeur"}]},{"@type":"WebSite","@id":"https:\/\/nw.staging.employnext.ca\/#website","url":"https:\/\/nw.staging.employnext.ca\/","name":"Northwest Ontario","description":"EmployNext - where work meets you","potentialAction":[{"@type":"SearchAction","target":{"@type":"EntryPoint","urlTemplate":"https:\/\/nw.staging.employnext.ca\/?s={search_term_string}"},"query-input":"required name=search_term_string"}],"inLanguage":"fr-FR"}]}},"_links":{"self":[{"href":"https:\/\/nw.staging.employnext.ca\/fr\/wp-json\/wp\/v2\/pages\/401"}],"collection":[{"href":"https:\/\/nw.staging.employnext.ca\/fr\/wp-json\/wp\/v2\/pages"}],"about":[{"href":"https:\/\/nw.staging.employnext.ca\/fr\/wp-json\/wp\/v2\/types\/page"}],"author":[{"embeddable":true,"href":"https:\/\/nw.staging.employnext.ca\/fr\/wp-json\/wp\/v2\/users\/1"}],"replies":[{"embeddable":true,"href":"https:\/\/nw.staging.employnext.ca\/fr\/wp-json\/wp\/v2\/comments?post=401"}],"version-history":[{"count":3,"href":"https:\/\/nw.staging.employnext.ca\/fr\/wp-json\/wp\/v2\/pages\/401\/revisions"}],"predecessor-version":[{"id":562,"href":"https:\/\/nw.staging.employnext.ca\/fr\/wp-json\/wp\/v2\/pages\/401\/revisions\/562"}],"wp:attachment":[{"href":"https:\/\/nw.staging.employnext.ca\/fr\/wp-json\/wp\/v2\/media?parent=401"}],"curies":[{"name":"wp","href":"https:\/\/api.w.org\/{rel}","templated":true}]}}